{"id":604,"date":"2024-04-22T15:49:56","date_gmt":"2024-04-22T15:49:56","guid":{"rendered":"https:\/\/test.parkerrussell.vn\/cong-ty-thanh-vien\/"},"modified":"2026-01-09T07:01:01","modified_gmt":"2026-01-09T07:01:01","slug":"cong-ty-thanh-vien","status":"publish","type":"page","link":"https:\/\/daxinprv.com\/vi\/cong-ty-thanh-vien\/","title":{"rendered":"C\u00f4ng ty th\u00e0nh vi\u00ean"},"content":{"rendered":"\t<section class=\"section\" id=\"section_2033297095\">\n\t\t<div class=\"bg section-bg fill bg-fill  bg-loaded\" >\n\n\t\t\t\n\t\t\t\n\t\t\t\n\n\t\t<\/div>\n\n\t\t\n\n\t\t<div class=\"section-content relative\">\n\t\t\t\n<p>\n\n  <div class=\"banner has-hover\" id=\"banner-1552797359\">\n          <div class=\"banner-inner fill\">\n        <div class=\"banner-bg fill\" >\n            <div class=\"bg fill bg-fill \"><\/div>\n                        <div class=\"overlay\"><\/div>            \n                    <\/div>\n\t\t\n        <div class=\"banner-layers container\">\n            <div class=\"fill banner-link\"><\/div>            \n<p>\n   <div id=\"text-box-1808611720\" class=\"text-box banner-layer x50 md-x50 lg-x50 y50 md-y50 lg-y50 res-text\">\n                                <div class=\"text-box-content text dark\">\n              \n              <div class=\"text-inner text-center\">\n                  \n<h3 style=\"text-align: left;\">C\u00e1c c\u00f4ng ty th\u00e0nh vi\u00ean<\/h3>\n<p style=\"text-align: left;\">C\u00e1c c\u00f4ng ty th\u00e0nh vi\u00ean \u0111\u1ed9c l\u1eadp c\u1ee7a ch\u00fang t\u00f4i cung c\u1ea5p d\u1ecbch v\u1ee5 ki\u1ec3m to\u00e1n, k\u1ebf to\u00e1n v\u00e0 c\u00e1c d\u1ecbch v\u1ee5 li\u00ean quan kh\u00e1c t\u1ea1i 44 qu\u1ed1c gia b\u1edfi h\u01a1n 100 v\u0103n ph\u00f2ng v\u00e0 h\u01a1n 5.000 ki\u1ec3m to\u00e1n vi\u00ean, k\u1ebf to\u00e1n vi\u00ean v\u00e0 c\u1ed1 v\u1ea5n c\u00f3 tr\u00ecnh \u0111\u1ed9, v\u1edbi h\u01a1n 10.000 kh\u00e1ch h\u00e0ng tr\u00ean to\u00e0n th\u1ebf gi\u1edbi.<\/p>\n<p>\u00a0<\/p>\n              <\/div>\n           <\/div>\n                            \n<style>\n#text-box-1808611720 {\n  width: 60%;\n}\n#text-box-1808611720 .text-box-content {\n  font-size: 100%;\n}\n<\/style>\n    <\/div>\n \n<\/p>\n        <\/div>\n      <\/div>\n\n            \n<style>\n#banner-1552797359 {\n  padding-top: 300px;\n}\n#banner-1552797359 .bg.bg-loaded {\n  background-image: url(https:\/\/daxinprv.com\/wp-content\/uploads\/2024\/04\/Parker-Russell-city-skyscrappers.jpg);\n}\n#banner-1552797359 .overlay {\n  background-color: rgba(0, 0, 0, 0.39);\n}\n<\/style>\n  <\/div>\n\n\n<\/p>\n<div class=\"row\"  id=\"row-658079656\">\n<p>\n\n\t<div id=\"col-1683190838\" class=\"col small-12 large-12\"  >\n\t\t\t\t<div class=\"col-inner\"  >\n\t\t\t\n\t\t\t\n<p>\n\t<div id=\"text-2434530434\" class=\"text\">\n\t\t\n<h3>C\u00e1c c\u00f4ng ty th\u00e0nh vi\u00ean c\u1ee7a Daxin Global<\/h3>\n\t\t\n<style>\n#text-2434530434 {\n  color: rgb(208, 45, 60);\n}\n#text-2434530434 > * {\n  color: rgb(208, 45, 60);\n}\n<\/style>\n\t<\/div>\n\t\n\t\t<\/div>\n\t\t\t\t\t<\/div>\n\n\t\n\n\t<div id=\"col-983514072\" class=\"col small-12 large-12\"  >\n\t\t\t\t<div class=\"col-inner\"  >\n\t\t\t\n\t\t\t\n<div class=\"row\"  id=\"row-849436364\">\n\n\t<div id=\"col-1817030035\" class=\"col medium-3 small-6 large-3\"  >\n\t\t\t\t<div class=\"col-inner\"  >\n\t\t\t\n\t\t\t\n\t<div id=\"text-1573212506\" class=\"text\">\n\t\t\n<p><strong>Ch\u00e2u \u00c1 \u2013 Th\u00e1i B\u00ecnh D\u01b0\u01a1ng<\/strong><\/p>\n\t\t\n<style>\n#text-1573212506 {\n  color: #1fae6b;\n}\n#text-1573212506 > * {\n  color: #1fae6b;\n}\n<\/style>\n\t<\/div>\n\t\n<ul>\n<li>Trung Qu\u1ed1c, B\u1eafc Kinh<\/li>\n<li>\u0110\u00e0i Loan (Trung Qu\u1ed1c), \u0110\u00e0i B\u1eafc<\/li>\n<li>Trung Qu\u1ed1c, H\u1ed3ng K\u00f4ng<\/li>\n<li>Singapore<\/li>\n<li>\u00dac, Melbourne<\/li>\n<li>\u00dac, Perth<\/li>\n<li>H\u00e0n Qu\u1ed1c<\/li>\n<li>\u1ea4n \u0110\u1ed9<\/li>\n<li>Pakistan, Islamabad<\/li>\n<li>Indonesia, Jakarta<\/li>\n<li>\u1ea4n \u0110\u1ed9<\/li>\n<li>Malaysia<\/li>\n<li>Bangladesh, Dhaka<\/li>\n<li>Nepal<\/li>\n<li>Indonesia<\/li>\n<li>Uzbekistan<\/li>\n<\/ul>\n\t\t<\/div>\n\t\t\t\t\t<\/div>\n\n\t\n\n\t<div id=\"col-1716843748\" class=\"col medium-3 small-6 large-3\"  >\n\t\t\t\t<div class=\"col-inner\"  >\n\t\t\t\n\t\t\t\n\t<div id=\"text-2107416025\" class=\"text\">\n\t\t\n<p><strong>Trung \u0110\u00f4ng v\u00e0 Ch\u00e2u Phi<\/strong><\/p>\n\t\t\n<style>\n#text-2107416025 {\n  color: #1fae6b;\n}\n#text-2107416025 > * {\n  color: #1fae6b;\n}\n<\/style>\n\t<\/div>\n\t\n<ul>\n<li>\u1ea2 R\u1eadp X\u00ea \u00dat<\/li>\n<li>C\u00e1c Ti\u1ec3u v\u01b0\u01a1ng qu\u1ed1c \u1ea2 R\u1eadp Th\u1ed1ng nh\u1ea5t<\/li>\n<li>Israel<\/li>\n<li>Qatar, Doha<\/li>\n<li>Qatar<\/li>\n<li>Tanzania<\/li>\n<li>Kuwait<\/li>\n<li>Mauritius<\/li>\n<li>Kenya, Nairobi<\/li>\n<li>Ai C\u1eadp<\/li>\n<li>Cameroon<\/li>\n<li>Yemen \u2013 Mukalla v\u00e0 Aden<\/li>\n<\/ul>\n\t\t<\/div>\n\t\t\t\t\t<\/div>\n\n\t\n\n\t<div id=\"col-2074624764\" class=\"col medium-3 small-6 large-3\"  >\n\t\t\t\t<div class=\"col-inner\"  >\n\t\t\t\n\t\t\t\n\t<div id=\"text-3882332865\" class=\"text\">\n\t\t\n<p><strong>Ch\u00e2u \u00c2u<\/strong><\/p>\n\t\t\n<style>\n#text-3882332865 {\n  color: #1fae6b;\n}\n#text-3882332865 > * {\n  color: #1fae6b;\n}\n<\/style>\n\t<\/div>\n\t\n<ul>\n<li>\u0110\u1ee9c<\/li>\n<li>Th\u1ee5y S\u0129<\/li>\n<li>V\u01b0\u01a1ng qu\u1ed1c Anh<\/li>\n<li>\u00dd, Padova<\/li>\n<li>Th\u1ed5 Nh\u0129 K\u1ef3<\/li>\n<li>Belarus<\/li>\n<li>Georgia<\/li>\n<li>S\u00edp<\/li>\n<li>Hungary,<\/li>\n<\/ul>\n\t\t<\/div>\n\t\t\t\t\t<\/div>\n\n\t\n\n\t<div id=\"col-349984176\" class=\"col medium-3 small-6 large-3\"  >\n\t\t\t\t<div class=\"col-inner\"  >\n\t\t\t\n\t\t\t\n\t<div id=\"text-937636588\" class=\"text\">\n\t\t\n<p><strong>B\u1eafc M\u1ef9 v\u00e0 Nam M\u1ef9<\/strong><\/p>\n\t\t\n<style>\n#text-937636588 {\n  color: #1fae6b;\n}\n#text-937636588 > * {\n  color: #1fae6b;\n}\n<\/style>\n\t<\/div>\n\t\n<ul>\n<li>Mexico, Th\u00e0nh ph\u1ed1 Mexico v\u00e0 Guadalajara<\/li>\n<li>Canada, Toronto<\/li>\n<li>Brazil<\/li>\n<li>Hoa K\u1ef3, New York<\/li>\n<li>El Salvador, San Salvador<\/li>\n<li>Ecuador, Quito<\/li>\n<li>Bolivia, La Paz<\/li>\n<\/ul>\n\t\t<\/div>\n\t\t\t\t\t<\/div>\n\n\t\n<\/div>\n\t\t<\/div>\n\t\t\t\t\t<\/div>\n\n\t\n<\/div>\n\t\t<\/div>\n\n\t\t\n<style>\n#section_2033297095 {\n  padding-top: 30px;\n  padding-bottom: 30px;\n  background-color: rgb(247, 247, 247);\n}\n<\/style>\n\t<\/section>\n\t\n","protected":false},"excerpt":{"rendered":"","protected":false},"author":4,"featured_media":0,"parent":0,"menu_order":0,"comment_status":"closed","ping_status":"closed","template":"page-member-firm.php","meta":{"_acf_changed":false,"footnotes":""},"class_list":["post-604","page","type-page","status-publish","hentry"],"acf":[],"aioseo_notices":[],"_links":{"self":[{"href":"https:\/\/daxinprv.com\/vi\/wp-json\/wp\/v2\/pages\/604","targetHints":{"allow":["GET"]}}],"collection":[{"href":"https:\/\/daxinprv.com\/vi\/wp-json\/wp\/v2\/pages"}],"about":[{"href":"https:\/\/daxinprv.com\/vi\/wp-json\/wp\/v2\/types\/page"}],"author":[{"embeddable":true,"href":"https:\/\/daxinprv.com\/vi\/wp-json\/wp\/v2\/users\/4"}],"replies":[{"embeddable":true,"href":"https:\/\/daxinprv.com\/vi\/wp-json\/wp\/v2\/comments?post=604"}],"version-history":[{"count":1,"href":"https:\/\/daxinprv.com\/vi\/wp-json\/wp\/v2\/pages\/604\/revisions"}],"predecessor-version":[{"id":4437,"href":"https:\/\/daxinprv.com\/vi\/wp-json\/wp\/v2\/pages\/604\/revisions\/4437"}],"wp:attachment":[{"href":"https:\/\/daxinprv.com\/vi\/wp-json\/wp\/v2\/media?parent=604"}],"curies":[{"name":"wp","href":"https:\/\/api.w.org\/{rel}","templated":true}]}}